{"id":12,"date":"2021-05-13T05:31:27","date_gmt":"2021-05-13T05:31:27","guid":{"rendered":"http:\/\/sts-sky.hr\/?page_id=12"},"modified":"2024-01-09T13:32:34","modified_gmt":"2024-01-09T12:32:34","slug":"services","status":"publish","type":"page","link":"https:\/\/sts-sky.hr\/?page_id=12","title":{"rendered":"Usluge"},"content":{"rendered":"\n<div class=\"wp-block-cover alignfull is-light\" style=\"min-height:685px;aspect-ratio:unset;\"><span aria-hidden=\"true\" class=\"wp-block-cover__background has-ast-global-color-0-background-color has-background-dim\"><\/span><video class=\"wp-block-cover__video-background intrinsic-ignore\" autoplay muted loop playsinline src=\"https:\/\/sts-sky.hr\/wp-content\/uploads\/2022\/06\/video-858603ccd5400ce74ebee0a4fbb1ca13-V.mp4\" data-object-fit=\"cover\"><\/video><div class=\"wp-block-cover__inner-container is-layout-flow wp-block-cover-is-layout-flow\">\n<p><\/p>\n\n\n\n<h1 class=\"has-white-color has-text-color wp-block-heading\">Koje usluge nudimo?<\/h1>\n\n\n\n<p class=\"has-ast-global-color-5-color has-text-color has-medium-font-size\"><strong>STS SKY nudi slijede\u0107e usluge radova na visini i u dubinama:<\/strong><\/p>\n\n\n\n<ul class=\"has-ast-global-color-5-color has-text-color wp-block-list\" style=\"font-size:18px\"><li>monta\u017ee i demonta\u017ee<\/li><li>bravarske radove<\/li><li>limarske radove<\/li><li>zidarske radove<\/li><li>zavarivanja<\/li><li>pranja i \u010di\u0161\u0107enja<\/li><li>ru\u0161enje stabala granu po granu<\/li><li>\u010di\u0161\u0107enje \u0107elija silosa<\/li><li>probijanje \u0107elija silosa<\/li><\/ul>\n<\/div><\/div>\n\n\n\n<div class=\"inherit-container-width wp-block-group alignfull has-ast-global-color-5-background-color has-background is-layout-constrained wp-block-group-is-layout-constrained\"><div class=\"wp-block-group__inner-container\">\n<div class=\"wp-block-columns is-layout-flex wp-container-core-columns-is-layout-28f84493 wp-block-columns-is-layout-flex\">\n<div class=\"wp-block-column is-layout-flow wp-block-column-is-layout-flow\">\n<figure class=\"wp-block-image size-large\"><img loading=\"lazy\" decoding=\"async\" width=\"731\" height=\"1024\" src=\"https:\/\/sts-sky.hr\/wp-content\/uploads\/2022\/07\/silos-1-731x1024.jpg\" alt=\"\" class=\"wp-image-444\" srcset=\"https:\/\/sts-sky.hr\/wp-content\/uploads\/2022\/07\/silos-1-731x1024.jpg 731w, https:\/\/sts-sky.hr\/wp-content\/uploads\/2022\/07\/silos-1-214x300.jpg 214w, https:\/\/sts-sky.hr\/wp-content\/uploads\/2022\/07\/silos-1-768x1075.jpg 768w, https:\/\/sts-sky.hr\/wp-content\/uploads\/2022\/07\/silos-1-1097x1536.jpg 1097w, https:\/\/sts-sky.hr\/wp-content\/uploads\/2022\/07\/silos-1-1463x2048.jpg 1463w, https:\/\/sts-sky.hr\/wp-content\/uploads\/2022\/07\/silos-1-scaled.jpg 1828w\" sizes=\"auto, (max-width: 731px) 100vw, 731px\" \/><\/figure>\n\n\n\n<p class=\"has-text-align-center\">\u010ci\u0161\u0107enje \u0107elija silosa<\/p>\n<\/div>\n\n\n\n<div class=\"wp-block-column is-layout-flow wp-block-column-is-layout-flow\">\n<figure class=\"wp-block-image size-large\"><img loading=\"lazy\" decoding=\"async\" width=\"732\" height=\"1024\" src=\"https:\/\/sts-sky.hr\/wp-content\/uploads\/2022\/07\/bravarski_radovi-2-732x1024.jpg\" alt=\"\" class=\"wp-image-445\" srcset=\"https:\/\/sts-sky.hr\/wp-content\/uploads\/2022\/07\/bravarski_radovi-2-732x1024.jpg 732w, https:\/\/sts-sky.hr\/wp-content\/uploads\/2022\/07\/bravarski_radovi-2-214x300.jpg 214w, https:\/\/sts-sky.hr\/wp-content\/uploads\/2022\/07\/bravarski_radovi-2-768x1075.jpg 768w, https:\/\/sts-sky.hr\/wp-content\/uploads\/2022\/07\/bravarski_radovi-2-1097x1536.jpg 1097w, https:\/\/sts-sky.hr\/wp-content\/uploads\/2022\/07\/bravarski_radovi-2.jpg 1143w\" sizes=\"auto, (max-width: 732px) 100vw, 732px\" \/><\/figure>\n\n\n\n<p class=\"has-text-align-center\">Bravarski radovi na visini<\/p>\n<\/div>\n\n\n\n<div class=\"wp-block-column is-layout-flow wp-block-column-is-layout-flow\">\n<figure class=\"wp-block-image size-large\"><img loading=\"lazy\" decoding=\"async\" width=\"731\" height=\"1024\" src=\"https:\/\/sts-sky.hr\/wp-content\/uploads\/2022\/07\/limarski_radovi-1-731x1024.jpg\" alt=\"\" class=\"wp-image-446\" srcset=\"https:\/\/sts-sky.hr\/wp-content\/uploads\/2022\/07\/limarski_radovi-1-731x1024.jpg 731w, https:\/\/sts-sky.hr\/wp-content\/uploads\/2022\/07\/limarski_radovi-1-214x300.jpg 214w, https:\/\/sts-sky.hr\/wp-content\/uploads\/2022\/07\/limarski_radovi-1-768x1075.jpg 768w, https:\/\/sts-sky.hr\/wp-content\/uploads\/2022\/07\/limarski_radovi-1-1097x1536.jpg 1097w, https:\/\/sts-sky.hr\/wp-content\/uploads\/2022\/07\/limarski_radovi-1-1463x2048.jpg 1463w, https:\/\/sts-sky.hr\/wp-content\/uploads\/2022\/07\/limarski_radovi-1-scaled.jpg 1829w\" sizes=\"auto, (max-width: 731px) 100vw, 731px\" \/><\/figure>\n\n\n\n<p class=\"has-text-align-center\">Limarski radovi na visini<\/p>\n<\/div>\n<\/div>\n<\/div><\/div>\n\n\n\n<div class=\"wp-block-columns is-layout-flex wp-container-core-columns-is-layout-28f84493 wp-block-columns-is-layout-flex\">\n<div class=\"wp-block-column is-layout-flow wp-block-column-is-layout-flow\">\n<figure class=\"wp-block-image size-large\"><img loading=\"lazy\" decoding=\"async\" width=\"731\" height=\"1024\" src=\"https:\/\/sts-sky.hr\/wp-content\/uploads\/2022\/07\/hidroglobus_limarija-1-731x1024.png\" alt=\"\" class=\"wp-image-447\" srcset=\"https:\/\/sts-sky.hr\/wp-content\/uploads\/2022\/07\/hidroglobus_limarija-1-731x1024.png 731w, https:\/\/sts-sky.hr\/wp-content\/uploads\/2022\/07\/hidroglobus_limarija-1-214x300.png 214w, https:\/\/sts-sky.hr\/wp-content\/uploads\/2022\/07\/hidroglobus_limarija-1-768x1075.png 768w, https:\/\/sts-sky.hr\/wp-content\/uploads\/2022\/07\/hidroglobus_limarija-1-1097x1536.png 1097w, https:\/\/sts-sky.hr\/wp-content\/uploads\/2022\/07\/hidroglobus_limarija-1-1463x2048.png 1463w, https:\/\/sts-sky.hr\/wp-content\/uploads\/2022\/07\/hidroglobus_limarija-1.png 1543w\" sizes=\"auto, (max-width: 731px) 100vw, 731px\" \/><\/figure>\n\n\n\n<p class=\"has-text-align-center\">Popravci hidroglobusa<\/p>\n<\/div>\n\n\n\n<div class=\"wp-block-column is-layout-flow wp-block-column-is-layout-flow\">\n<figure class=\"wp-block-image size-large\"><img loading=\"lazy\" decoding=\"async\" width=\"731\" height=\"1024\" src=\"https:\/\/sts-sky.hr\/wp-content\/uploads\/2022\/07\/Ciscenje_hidroglobusa_1-1-731x1024.jpg\" alt=\"\" class=\"wp-image-448\" srcset=\"https:\/\/sts-sky.hr\/wp-content\/uploads\/2022\/07\/Ciscenje_hidroglobusa_1-1-731x1024.jpg 731w, https:\/\/sts-sky.hr\/wp-content\/uploads\/2022\/07\/Ciscenje_hidroglobusa_1-1-214x300.jpg 214w, https:\/\/sts-sky.hr\/wp-content\/uploads\/2022\/07\/Ciscenje_hidroglobusa_1-1-768x1075.jpg 768w, https:\/\/sts-sky.hr\/wp-content\/uploads\/2022\/07\/Ciscenje_hidroglobusa_1-1-1097x1536.jpg 1097w, https:\/\/sts-sky.hr\/wp-content\/uploads\/2022\/07\/Ciscenje_hidroglobusa_1-1-1463x2048.jpg 1463w, https:\/\/sts-sky.hr\/wp-content\/uploads\/2022\/07\/Ciscenje_hidroglobusa_1-1-scaled.jpg 1829w\" sizes=\"auto, (max-width: 731px) 100vw, 731px\" \/><\/figure>\n\n\n\n<p class=\"has-text-align-center\">\u010ci\u0161\u0107enje hidroglobusa<\/p>\n<\/div>\n\n\n\n<div class=\"wp-block-column is-layout-flow wp-block-column-is-layout-flow\">\n<figure class=\"wp-block-image size-large\"><img loading=\"lazy\" decoding=\"async\" width=\"731\" height=\"1024\" src=\"https:\/\/sts-sky.hr\/wp-content\/uploads\/2022\/07\/Rusenje_drveca_1-1-731x1024.jpg\" alt=\"\" class=\"wp-image-449\" srcset=\"https:\/\/sts-sky.hr\/wp-content\/uploads\/2022\/07\/Rusenje_drveca_1-1-731x1024.jpg 731w, https:\/\/sts-sky.hr\/wp-content\/uploads\/2022\/07\/Rusenje_drveca_1-1-214x300.jpg 214w, https:\/\/sts-sky.hr\/wp-content\/uploads\/2022\/07\/Rusenje_drveca_1-1-768x1075.jpg 768w, https:\/\/sts-sky.hr\/wp-content\/uploads\/2022\/07\/Rusenje_drveca_1-1-1097x1536.jpg 1097w, https:\/\/sts-sky.hr\/wp-content\/uploads\/2022\/07\/Rusenje_drveca_1-1-1463x2048.jpg 1463w, https:\/\/sts-sky.hr\/wp-content\/uploads\/2022\/07\/Rusenje_drveca_1-1-scaled.jpg 1828w\" sizes=\"auto, (max-width: 731px) 100vw, 731px\" \/><\/figure>\n\n\n\n<p class=\"has-text-align-center\">Ru\u0161enje drve\u0107a granu po granu<\/p>\n<\/div>\n<\/div>\n\n\n\n<div class=\"wp-block-columns is-layout-flex wp-container-core-columns-is-layout-28f84493 wp-block-columns-is-layout-flex\">\n<div class=\"wp-block-column is-layout-flow wp-block-column-is-layout-flow\">\n<figure class=\"wp-block-image size-large\"><img loading=\"lazy\" decoding=\"async\" width=\"732\" height=\"1024\" src=\"https:\/\/sts-sky.hr\/wp-content\/uploads\/2022\/07\/snimanje_iz_zraka-1-732x1024.jpg\" alt=\"\" class=\"wp-image-450\" srcset=\"https:\/\/sts-sky.hr\/wp-content\/uploads\/2022\/07\/snimanje_iz_zraka-1-732x1024.jpg 732w, https:\/\/sts-sky.hr\/wp-content\/uploads\/2022\/07\/snimanje_iz_zraka-1-214x300.jpg 214w, https:\/\/sts-sky.hr\/wp-content\/uploads\/2022\/07\/snimanje_iz_zraka-1-768x1075.jpg 768w, https:\/\/sts-sky.hr\/wp-content\/uploads\/2022\/07\/snimanje_iz_zraka-1-1097x1536.jpg 1097w, https:\/\/sts-sky.hr\/wp-content\/uploads\/2022\/07\/snimanje_iz_zraka-1-1463x2048.jpg 1463w, https:\/\/sts-sky.hr\/wp-content\/uploads\/2022\/07\/snimanje_iz_zraka-1-scaled.jpg 1829w\" sizes=\"auto, (max-width: 732px) 100vw, 732px\" \/><\/figure>\n\n\n\n<p class=\"has-text-align-center\">Snimanje iz zraka<\/p>\n<\/div>\n\n\n\n<div class=\"wp-block-column is-layout-flow wp-block-column-is-layout-flow\">\n<figure class=\"wp-block-image size-large\"><img loading=\"lazy\" decoding=\"async\" width=\"731\" height=\"1024\" src=\"https:\/\/sts-sky.hr\/wp-content\/uploads\/2022\/07\/ortofoto-2-731x1024.jpg\" alt=\"\" class=\"wp-image-451\" srcset=\"https:\/\/sts-sky.hr\/wp-content\/uploads\/2022\/07\/ortofoto-2-731x1024.jpg 731w, https:\/\/sts-sky.hr\/wp-content\/uploads\/2022\/07\/ortofoto-2-214x300.jpg 214w, https:\/\/sts-sky.hr\/wp-content\/uploads\/2022\/07\/ortofoto-2-768x1075.jpg 768w, https:\/\/sts-sky.hr\/wp-content\/uploads\/2022\/07\/ortofoto-2-1097x1536.jpg 1097w, https:\/\/sts-sky.hr\/wp-content\/uploads\/2022\/07\/ortofoto-2-1463x2048.jpg 1463w, https:\/\/sts-sky.hr\/wp-content\/uploads\/2022\/07\/ortofoto-2-scaled.jpg 1829w\" sizes=\"auto, (max-width: 731px) 100vw, 731px\" \/><\/figure>\n\n\n\n<p class=\"has-text-align-center\">Izrada ortofoto snimka<\/p>\n<\/div>\n\n\n\n<div class=\"wp-block-column is-layout-flow wp-block-column-is-layout-flow\">\n<p><\/p>\n\n\n\n<div class=\"wp-block-cover is-light\"><span aria-hidden=\"true\" class=\"wp-block-cover__background has-background-dim-0 has-background-dim\"><\/span><img loading=\"lazy\" decoding=\"async\" width=\"1024\" height=\"796\" class=\"wp-block-cover__image-background wp-image-475\" alt=\"\" src=\"https:\/\/sts-sky.hr\/wp-content\/uploads\/2024\/01\/Crkva_3D_model-1024x796.jpg\" data-object-fit=\"cover\" srcset=\"https:\/\/sts-sky.hr\/wp-content\/uploads\/2024\/01\/Crkva_3D_model-1024x796.jpg 1024w, https:\/\/sts-sky.hr\/wp-content\/uploads\/2024\/01\/Crkva_3D_model-300x233.jpg 300w, https:\/\/sts-sky.hr\/wp-content\/uploads\/2024\/01\/Crkva_3D_model-768x597.jpg 768w, https:\/\/sts-sky.hr\/wp-content\/uploads\/2024\/01\/Crkva_3D_model-1536x1194.jpg 1536w, https:\/\/sts-sky.hr\/wp-content\/uploads\/2024\/01\/Crkva_3D_model-2048x1592.jpg 2048w\" sizes=\"auto, (max-width: 1024px) 100vw, 1024px\" \/><div class=\"wp-block-cover__inner-container is-layout-flow wp-block-cover-is-layout-flow\">\n<p class=\"has-text-align-center has-large-font-size\"><\/p>\n<\/div><\/div>\n\n\n\n<p class=\"has-text-align-center\">Snimanje 3D modela objekata<\/p>\n<\/div>\n<\/div>\n\n\n\n<div class=\"wp-block-cover alignfull\" style=\"min-height:200px;aspect-ratio:unset;\"><span aria-hidden=\"true\" class=\"wp-block-cover__background has-ast-global-color-0-background-color has-background-dim-100 has-background-dim\"><\/span><div class=\"wp-block-cover__inner-container is-layout-flow wp-block-cover-is-layout-flow\">\n<div class=\"wp-block-media-text is-stacked-on-mobile is-vertically-aligned-center\"><figure class=\"wp-block-media-text__media\"><img loading=\"lazy\" decoding=\"async\" width=\"1024\" height=\"576\" src=\"https:\/\/sts-sky.hr\/wp-content\/uploads\/2022\/06\/IMG-2537440623183728b792ed06cf261b9d-V-1024x576.jpg\" alt=\"\" class=\"wp-image-336 size-full\" srcset=\"https:\/\/sts-sky.hr\/wp-content\/uploads\/2022\/06\/IMG-2537440623183728b792ed06cf261b9d-V-1024x576.jpg 1024w, https:\/\/sts-sky.hr\/wp-content\/uploads\/2022\/06\/IMG-2537440623183728b792ed06cf261b9d-V-300x169.jpg 300w, https:\/\/sts-sky.hr\/wp-content\/uploads\/2022\/06\/IMG-2537440623183728b792ed06cf261b9d-V-768x432.jpg 768w, https:\/\/sts-sky.hr\/wp-content\/uploads\/2022\/06\/IMG-2537440623183728b792ed06cf261b9d-V-1536x864.jpg 1536w, https:\/\/sts-sky.hr\/wp-content\/uploads\/2022\/06\/IMG-2537440623183728b792ed06cf261b9d-V-2048x1152.jpg 2048w\" sizes=\"auto, (max-width: 1024px) 100vw, 1024px\" \/><\/figure><div class=\"wp-block-media-text__content\">\n<div class=\"inherit-container-width wp-block-group is-layout-constrained wp-block-group-is-layout-constrained\"><div class=\"wp-block-group__inner-container\">\n<h2 class=\"has-text-align-center has-white-color has-text-color wp-block-heading\">Ovdje smo za Vas<\/h2>\n\n\n\n<p><\/p>\n\n\n\n<h2 class=\"has-text-align-center has-white-color has-text-color wp-block-heading\"> Nazovite nas jo\u0161 danas<\/h2>\n\n\n\n<div class=\"wp-block-buttons is-horizontal is-content-justification-center is-layout-flex wp-container-core-buttons-is-layout-03627597 wp-block-buttons-is-layout-flex\">\n<div class=\"wp-block-button\"><a class=\"wp-block-button__link has-ast-global-color-0-color has-text-color has-background\" href=\"https:\/\/sts-sky.hr\/?page_id=13\" style=\"background-color:#ffffff\">Kontakt<\/a><\/div>\n<\/div>\n<\/div><\/div>\n<\/div><\/div>\n<\/div><\/div>\n","protected":false},"excerpt":{"rendered":"<p>\u010ci\u0161\u0107enje \u0107elija silosa Bravarski radovi na visini Limarski radovi na visini Popravci hidroglobusa \u010ci\u0161\u0107enje hidroglobusa Ru\u0161enje drve\u0107a granu po granu Snimanje iz zraka Izrada ortofoto snimka Snimanje 3D modela objekata<\/p>\n","protected":false},"author":1,"featured_media":0,"parent":0,"menu_order":0,"comment_status":"closed","ping_status":"closed","template":"","meta":{"_monsterinsights_skip_tracking":false,"_monsterinsights_sitenote_active":false,"_monsterinsights_sitenote_note":"","_monsterinsights_sitenote_category":0,"_uf_show_specific_survey":0,"_uf_disable_surveys":false,"site-sidebar-layout":"no-sidebar","site-content-layout":"plain-container","ast-site-content-layout":"default","site-content-style":"default","site-sidebar-style":"default","ast-global-header-display":"","ast-banner-title-visibility":"","ast-main-header-display":"","ast-hfb-above-header-display":"","ast-hfb-below-header-display":"","ast-hfb-mobile-header-display":"","site-post-title":"disabled","ast-breadcrumbs-content":"","ast-featured-img":"","footer-sml-layout":"","ast-disable-related-posts":"","theme-transparent-header-meta":"enabled","adv-header-id-meta":"","stick-header-meta":"","header-above-stick-meta":"","header-main-stick-meta":"","header-below-stick-meta":"","astra-migrate-meta-layouts":"default","ast-page-background-enabled":"default","ast-page-background-meta":{"desktop":{"background-color":"var(--ast-global-color-4)","background-image":"","background-repeat":"repeat","background-position":"center center","background-size":"auto","background-attachment":"scroll","background-type":"","background-media":"","overlay-type":"","overlay-color":"","overlay-opacity":"","overlay-gradient":""},"tablet":{"background-color":"","background-image":"","background-repeat":"repeat","background-position":"center center","background-size":"auto","background-attachment":"scroll","background-type":"","background-media":"","overlay-type":"","overlay-color":"","overlay-opacity":"","overlay-gradient":""},"mobile":{"background-color":"","background-image":"","background-repeat":"repeat","background-position":"center center","background-size":"auto","background-attachment":"scroll","background-type":"","background-media":"","overlay-type":"","overlay-color":"","overlay-opacity":"","overlay-gradient":""}},"ast-content-background-meta":{"desktop":{"background-color":"var(--ast-global-color-5)","background-image":"","background-repeat":"repeat","background-position":"center center","background-size":"auto","background-attachment":"scroll","background-type":"","background-media":"","overlay-type":"","overlay-color":"","overlay-opacity":"","overlay-gradient":""},"tablet":{"background-color":"var(--ast-global-color-5)","background-image":"","background-repeat":"repeat","background-position":"center center","background-size":"auto","background-attachment":"scroll","background-type":"","background-media":"","overlay-type":"","overlay-color":"","overlay-opacity":"","overlay-gradient":""},"mobile":{"background-color":"var(--ast-global-color-5)","background-image":"","background-repeat":"repeat","background-position":"center center","background-size":"auto","background-attachment":"scroll","background-type":"","background-media":"","overlay-type":"","overlay-color":"","overlay-opacity":"","overlay-gradient":""}},"footnotes":""},"class_list":["post-12","page","type-page","status-publish","hentry"],"aioseo_notices":[],"_links":{"self":[{"href":"https:\/\/sts-sky.hr\/index.php?rest_route=\/wp\/v2\/pages\/12","targetHints":{"allow":["GET"]}}],"collection":[{"href":"https:\/\/sts-sky.hr\/index.php?rest_route=\/wp\/v2\/pages"}],"about":[{"href":"https:\/\/sts-sky.hr\/index.php?rest_route=\/wp\/v2\/types\/page"}],"author":[{"embeddable":true,"href":"https:\/\/sts-sky.hr\/index.php?rest_route=\/wp\/v2\/users\/1"}],"replies":[{"embeddable":true,"href":"https:\/\/sts-sky.hr\/index.php?rest_route=%2Fwp%2Fv2%2Fcomments&post=12"}],"version-history":[{"count":20,"href":"https:\/\/sts-sky.hr\/index.php?rest_route=\/wp\/v2\/pages\/12\/revisions"}],"predecessor-version":[{"id":490,"href":"https:\/\/sts-sky.hr\/index.php?rest_route=\/wp\/v2\/pages\/12\/revisions\/490"}],"wp:attachment":[{"href":"https:\/\/sts-sky.hr\/index.php?rest_route=%2Fwp%2Fv2%2Fmedia&parent=12"}],"curies":[{"name":"wp","href":"https:\/\/api.w.org\/{rel}","templated":true}]}}