{"id":11,"date":"2021-05-13T05:31:27","date_gmt":"2021-05-13T05:31:27","guid":{"rendered":"http:\/\/sts-sky.hr\/?page_id=11"},"modified":"2022-07-14T12:15:24","modified_gmt":"2022-07-14T10:15:24","slug":"about","status":"publish","type":"page","link":"https:\/\/sts-sky.hr\/?page_id=11","title":{"rendered":"O nama"},"content":{"rendered":"\n<div class=\"wp-block-cover is-light has-parallax is-repeated\" style=\"background-image:url(https:\/\/sts-sky.hr\/wp-content\/uploads\/2022\/07\/silos-scaled.jpg);min-height:564px;aspect-ratio:unset;\"><span aria-hidden=\"true\" class=\"wp-block-cover__background has-ast-global-color-0-background-color has-background-dim\"><\/span><div class=\"wp-block-cover__inner-container is-layout-flow wp-block-cover-is-layout-flow\">\n<p class=\"has-ast-global-color-5-color has-text-color\"><strong><em>STS Sky<\/em><\/strong> bavi se industrijskim alpinizmom, odnosno pristupom&nbsp;u\u017eetom&nbsp;i izvo\u0111enjem radova na te\u0161ko dostupnim mjestima.<\/p>\n\n\n\n<p class=\"has-ast-global-color-5-color has-text-color\"><em>Za\u0161to se odlu\u010diti za pristup u\u017eetom?<\/em> Kombinacijom moderne opreme, napredne tehnike i obuke mo\u017eemo posti\u0107i izuzetno siguran, prilagodljiv, u\u010dinkovit i jeftin na\u010din za obavljanje poslova na visinama i u dubinama.<\/p>\n\n\n\n<p class=\"has-ast-global-color-5-color has-text-color\">Pristup u\u017eetom se koristi na razli\u010ditim mjestima, od sku\u010denih cjevovoda do masivnih betonskih gra\u0111evina, \u010deli\u010dnih hala i sli\u010dno. Za razliku od uobi\u010dajenih metoda kao \u0161to je kori\u0161tenje skela ili podiznih platformi, pristup u\u017eetom ima prednost jer se sistemi postavljaju jako brzo, potreban je manji broj ljudi i jedan je od najsigurnijih na\u010dina izvo\u0111enja radova na visini.<\/p>\n\n\n\n<p class=\"has-ast-global-color-5-color has-text-color\">Imamo iskustva na radovima u silosima, na visokim zgradama, na metalnim konstrukcijama, te na ru\u0161enju drve\u0107a granu po granu na nepristupa\u010dnim mjestima.<\/p>\n\n\n\n<p><\/p>\n<\/div><\/div>\n\n\n\n<div class=\"inherit-container-width wp-block-group alignfull has-ast-global-color-5-background-color has-background is-layout-constrained wp-block-group-is-layout-constrained\"><div class=\"wp-block-group__inner-container\"><\/div><\/div>\n\n\n\n<div class=\"inherit-container-width wp-block-group alignfull has-ast-global-color-5-background-color has-background is-layout-constrained wp-block-group-is-layout-constrained\"><div class=\"wp-block-group__inner-container\">\n<div class=\"wp-block-columns alignwide is-layout-flex wp-container-core-columns-is-layout-28f84493 wp-block-columns-is-layout-flex\">\n<div class=\"wp-block-column is-layout-flow wp-block-column-is-layout-flow\" style=\"flex-basis:66.66%\">\n<h3 class=\"wp-block-heading\">Na\u0161a misija<\/h3>\n\n\n\n<p>Nastojimo pru\u017eiti najkvalitetnije i naju\u010dinkovitije usluge bez smanjivanja kvalitete radova, uz najvi\u0161e standarde sigurnosti. Tako\u0111er nam je cilj dokazati na\u0161e kvalitetne vje\u0161tine, po\u0161tene cijene i brigu o kupcima, kako bismo nastavili na\u0161 poslovni odnos dugi niz godina i nakon prvog posla koji obavimo za novog klijenta.<\/p>\n<\/div>\n\n\n\n<div class=\"wp-block-column is-layout-flow wp-block-column-is-layout-flow\" style=\"flex-basis:33.33%\">\n<h3 class=\"wp-block-heading\">Temeljne vrijednosti<\/h3>\n\n\n\n<ul class=\"wp-block-list\"><li>iskrenost i po\u0161tenje je klju\u010d pouzdanosti i integriteta obrta<\/li><li>uvijek koristiti najjednostavnije i najjeftinije metode na zadovoljstvo klijenata.<\/li><li>obavljanje poslova s najvi\u0161im standardima kvalitete.<\/li><\/ul>\n<\/div>\n<\/div>\n<\/div><\/div>\n\n\n\n<div class=\"inherit-container-width wp-block-group alignfull has-ast-global-color-5-background-color has-background is-layout-constrained wp-block-group-is-layout-constrained\"><div class=\"wp-block-group__inner-container\">\n<div class=\"wp-block-media-text has-media-on-the-right is-stacked-on-mobile is-vertically-aligned-center has-ast-global-color-0-background-color has-background\"><figure class=\"wp-block-media-text__media\"><img loading=\"lazy\" decoding=\"async\" width=\"769\" height=\"1024\" src=\"https:\/\/sts-sky.hr\/wp-content\/uploads\/2022\/06\/IMG-f2e30fe07455e10e5c2091220c1b0428-V-1-769x1024.jpg\" alt=\"\" class=\"wp-image-337 size-full\" srcset=\"https:\/\/sts-sky.hr\/wp-content\/uploads\/2022\/06\/IMG-f2e30fe07455e10e5c2091220c1b0428-V-1-769x1024.jpg 769w, https:\/\/sts-sky.hr\/wp-content\/uploads\/2022\/06\/IMG-f2e30fe07455e10e5c2091220c1b0428-V-1-225x300.jpg 225w, https:\/\/sts-sky.hr\/wp-content\/uploads\/2022\/06\/IMG-f2e30fe07455e10e5c2091220c1b0428-V-1-768x1023.jpg 768w, https:\/\/sts-sky.hr\/wp-content\/uploads\/2022\/06\/IMG-f2e30fe07455e10e5c2091220c1b0428-V-1-1153x1536.jpg 1153w, https:\/\/sts-sky.hr\/wp-content\/uploads\/2022\/06\/IMG-f2e30fe07455e10e5c2091220c1b0428-V-1.jpg 1201w\" sizes=\"auto, (max-width: 769px) 100vw, 769px\" \/><\/figure><div class=\"wp-block-media-text__content\">\n<h2 class=\"has-text-align-left has-white-color has-text-color wp-block-heading\">Za\u0161to izabrati STS SKY?<\/h2>\n\n\n\n<p class=\"has-text-align-left has-white-color has-text-color\">Pristup u\u017eetom zahtjeva specijalisti\u010dku osposobljenost, koja izme\u0111u ostalog podrazumijeva i dobru uvje\u017ebanost u svim tehnikama spa\u0161avanja. Na\u0161i djelatnici su iskusni vatrogasci i \u010dlanovi HGSS-a koji su zavr\u0161ili rigorozne obuke spa\u0161avanja te zavr\u0161ili instruktorske te\u010dajeve za radove na visinama. Dugogodi\u0161njim bavljenjem alpinizmom skupili smo puno iskustva na radovima gdje nije mogu\u0107 pristup podiznim platformama i na hitnim poslovima gdje nije bilo vremena ili nije bilo isplativo postavljanje gra\u0111evinske skele.<\/p>\n\n\n\n<p class=\"has-ast-global-color-5-color has-text-color has-medium-font-size\"><strong>Istaknuto:<\/strong><\/p>\n\n\n\n<ul class=\"has-text-color wp-block-list\" style=\"color:#f3f5f5\"><li>visokokvalitetni djelatnici <\/li><li>\u0161iroko podru\u010dje pokrivanja<\/li><li>garantirano zadovoljstvo uslugom<\/li><li>veliki spektar pru\u017eanja usluga<\/li><li>izlazak na teren u bilo koje vrijeme<\/li><\/ul>\n<\/div><\/div>\n<\/div><\/div>\n\n\n\n<div class=\"inherit-container-width wp-block-group alignfull has-ast-global-color-5-background-color has-background is-layout-constrained wp-block-group-is-layout-constrained\"><div class=\"wp-block-group__inner-container\"><\/div><\/div>\n\n\n\n<div class=\"wp-block-cover alignfull\" style=\"min-height:200px;aspect-ratio:unset;\"><span aria-hidden=\"true\" class=\"wp-block-cover__background has-ast-global-color-0-background-color has-background-dim-100 has-background-dim\"><\/span><div class=\"wp-block-cover__inner-container is-layout-flow wp-block-cover-is-layout-flow\">\n<div class=\"wp-block-media-text is-stacked-on-mobile is-vertically-aligned-center\"><figure class=\"wp-block-media-text__media\"><img loading=\"lazy\" decoding=\"async\" width=\"1024\" height=\"576\" src=\"https:\/\/sts-sky.hr\/wp-content\/uploads\/2022\/06\/IMG-2537440623183728b792ed06cf261b9d-V-1024x576.jpg\" alt=\"\" class=\"wp-image-336 size-full\" srcset=\"https:\/\/sts-sky.hr\/wp-content\/uploads\/2022\/06\/IMG-2537440623183728b792ed06cf261b9d-V-1024x576.jpg 1024w, https:\/\/sts-sky.hr\/wp-content\/uploads\/2022\/06\/IMG-2537440623183728b792ed06cf261b9d-V-300x169.jpg 300w, https:\/\/sts-sky.hr\/wp-content\/uploads\/2022\/06\/IMG-2537440623183728b792ed06cf261b9d-V-768x432.jpg 768w, https:\/\/sts-sky.hr\/wp-content\/uploads\/2022\/06\/IMG-2537440623183728b792ed06cf261b9d-V-1536x864.jpg 1536w, https:\/\/sts-sky.hr\/wp-content\/uploads\/2022\/06\/IMG-2537440623183728b792ed06cf261b9d-V-2048x1152.jpg 2048w\" sizes=\"auto, (max-width: 1024px) 100vw, 1024px\" \/><\/figure><div class=\"wp-block-media-text__content\">\n<div class=\"inherit-container-width wp-block-group is-layout-constrained wp-block-group-is-layout-constrained\"><div class=\"wp-block-group__inner-container\">\n<h2 class=\"has-text-align-center has-white-color has-text-color wp-block-heading\">Ovdje smo za Vas da Vam pomognemo<\/h2>\n\n\n\n<p><\/p>\n\n\n\n<h2 class=\"has-text-align-center has-white-color has-text-color wp-block-heading\">Nazovite nas jo\u0161 danas<\/h2>\n\n\n\n<div class=\"wp-block-buttons is-horizontal is-content-justification-center is-layout-flex wp-container-core-buttons-is-layout-03627597 wp-block-buttons-is-layout-flex\">\n<div class=\"wp-block-button\"><a class=\"wp-block-button__link has-ast-global-color-0-color has-ast-global-color-4-background-color has-text-color has-background\" href=\"https:\/\/sts-sky.hr\/?page_id=13\">Kontakt<\/a><\/div>\n<\/div>\n<\/div><\/div>\n<\/div><\/div>\n<\/div><\/div>\n","protected":false},"excerpt":{"rendered":"<p>Na\u0161a misija Nastojimo pru\u017eiti najkvalitetnije i naju\u010dinkovitije usluge bez smanjivanja kvalitete radova, uz najvi\u0161e standarde sigurnosti. Tako\u0111er nam je cilj dokazati na\u0161e kvalitetne vje\u0161tine, po\u0161tene cijene i brigu o kupcima, kako bismo nastavili na\u0161 poslovni odnos dugi niz godina i nakon prvog posla koji obavimo za novog klijenta. Temeljne vrijednosti iskrenost i po\u0161tenje je klju\u010d [&hellip;]<\/p>\n","protected":false},"author":1,"featured_media":0,"parent":0,"menu_order":0,"comment_status":"closed","ping_status":"closed","template":"","meta":{"_monsterinsights_skip_tracking":false,"_monsterinsights_sitenote_active":false,"_monsterinsights_sitenote_note":"","_monsterinsights_sitenote_category":0,"_uf_show_specific_survey":0,"_uf_disable_surveys":false,"site-sidebar-layout":"no-sidebar","site-content-layout":"plain-container","ast-site-content-layout":"default","site-content-style":"default","site-sidebar-style":"default","ast-global-header-display":"","ast-banner-title-visibility":"","ast-main-header-display":"","ast-hfb-above-header-display":"","ast-hfb-below-header-display":"","ast-hfb-mobile-header-display":"","site-post-title":"disabled","ast-breadcrumbs-content":"","ast-featured-img":"","footer-sml-layout":"","ast-disable-related-posts":"","theme-transparent-header-meta":"enabled","adv-header-id-meta":"","stick-header-meta":"","header-above-stick-meta":"","header-main-stick-meta":"","header-below-stick-meta":"","astra-migrate-meta-layouts":"default","ast-page-background-enabled":"default","ast-page-background-meta":{"desktop":{"background-color":"var(--ast-global-color-4)","background-image":"","background-repeat":"repeat","background-position":"center center","background-size":"auto","background-attachment":"scroll","background-type":"","background-media":"","overlay-type":"","overlay-color":"","overlay-opacity":"","overlay-gradient":""},"tablet":{"background-color":"","background-image":"","background-repeat":"repeat","background-position":"center center","background-size":"auto","background-attachment":"scroll","background-type":"","background-media":"","overlay-type":"","overlay-color":"","overlay-opacity":"","overlay-gradient":""},"mobile":{"background-color":"","background-image":"","background-repeat":"repeat","background-position":"center center","background-size":"auto","background-attachment":"scroll","background-type":"","background-media":"","overlay-type":"","overlay-color":"","overlay-opacity":"","overlay-gradient":""}},"ast-content-background-meta":{"desktop":{"background-color":"var(--ast-global-color-5)","background-image":"","background-repeat":"repeat","background-position":"center center","background-size":"auto","background-attachment":"scroll","background-type":"","background-media":"","overlay-type":"","overlay-color":"","overlay-opacity":"","overlay-gradient":""},"tablet":{"background-color":"var(--ast-global-color-5)","background-image":"","background-repeat":"repeat","background-position":"center center","background-size":"auto","background-attachment":"scroll","background-type":"","background-media":"","overlay-type":"","overlay-color":"","overlay-opacity":"","overlay-gradient":""},"mobile":{"background-color":"var(--ast-global-color-5)","background-image":"","background-repeat":"repeat","background-position":"center center","background-size":"auto","background-attachment":"scroll","background-type":"","background-media":"","overlay-type":"","overlay-color":"","overlay-opacity":"","overlay-gradient":""}},"footnotes":""},"class_list":["post-11","page","type-page","status-publish","hentry"],"aioseo_notices":[],"_links":{"self":[{"href":"https:\/\/sts-sky.hr\/index.php?rest_route=\/wp\/v2\/pages\/11","targetHints":{"allow":["GET"]}}],"collection":[{"href":"https:\/\/sts-sky.hr\/index.php?rest_route=\/wp\/v2\/pages"}],"about":[{"href":"https:\/\/sts-sky.hr\/index.php?rest_route=\/wp\/v2\/types\/page"}],"author":[{"embeddable":true,"href":"https:\/\/sts-sky.hr\/index.php?rest_route=\/wp\/v2\/users\/1"}],"replies":[{"embeddable":true,"href":"https:\/\/sts-sky.hr\/index.php?rest_route=%2Fwp%2Fv2%2Fcomments&post=11"}],"version-history":[{"count":37,"href":"https:\/\/sts-sky.hr\/index.php?rest_route=\/wp\/v2\/pages\/11\/revisions"}],"predecessor-version":[{"id":464,"href":"https:\/\/sts-sky.hr\/index.php?rest_route=\/wp\/v2\/pages\/11\/revisions\/464"}],"wp:attachment":[{"href":"https:\/\/sts-sky.hr\/index.php?rest_route=%2Fwp%2Fv2%2Fmedia&parent=11"}],"curies":[{"name":"wp","href":"https:\/\/api.w.org\/{rel}","templated":true}]}}