{"id":10,"date":"2021-05-13T05:31:27","date_gmt":"2021-05-13T05:31:27","guid":{"rendered":"http:\/\/sts-sky.hr\/?page_id=10"},"modified":"2024-04-19T10:43:56","modified_gmt":"2024-04-19T08:43:56","slug":"home","status":"publish","type":"page","link":"https:\/\/sts-sky.hr\/","title":{"rendered":"Home"},"content":{"rendered":"\n<div class=\"wp-block-cover alignfull\" style=\"min-height:507px;aspect-ratio:unset;\"><span aria-hidden=\"true\" class=\"wp-block-cover__background has-ast-global-color-0-background-color has-background-dim\"><\/span><img loading=\"lazy\" decoding=\"async\" width=\"1920\" height=\"2560\" class=\"wp-block-cover__image-background wp-image-264\" alt=\"\" src=\"https:\/\/sts-sky.hr\/wp-content\/uploads\/2022\/06\/20191009_123424-scaled.jpg\" data-object-fit=\"cover\" srcset=\"https:\/\/sts-sky.hr\/wp-content\/uploads\/2022\/06\/20191009_123424-scaled.jpg 1920w, https:\/\/sts-sky.hr\/wp-content\/uploads\/2022\/06\/20191009_123424-225x300.jpg 225w, https:\/\/sts-sky.hr\/wp-content\/uploads\/2022\/06\/20191009_123424-768x1024.jpg 768w, https:\/\/sts-sky.hr\/wp-content\/uploads\/2022\/06\/20191009_123424-1152x1536.jpg 1152w, https:\/\/sts-sky.hr\/wp-content\/uploads\/2022\/06\/20191009_123424-1536x2048.jpg 1536w\" sizes=\"auto, (max-width: 1920px) 100vw, 1920px\" \/><div class=\"wp-block-cover__inner-container is-layout-flow wp-block-cover-is-layout-flow\">\n<p class=\"has-x-large-font-size\"><strong><mark style=\"background-color:rgba(0, 0, 0, 0)\" class=\"has-inline-color has-ast-global-color-4-color\">STS SKY<\/mark><\/strong><\/p>\n\n\n\n<p class=\"has-medium-font-size\">industrijski alpinizam<\/p>\n<\/div><\/div>\n\n\n\n<div class=\"inherit-container-width wp-block-group alignfull has-ast-global-color-5-background-color has-background is-layout-constrained wp-block-group-is-layout-constrained\"><div class=\"wp-block-group__inner-container\">\n<div class=\"wp-block-media-text alignwide is-stacked-on-mobile\" style=\"grid-template-columns:42% auto\"><figure class=\"wp-block-media-text__media\"><img loading=\"lazy\" decoding=\"async\" width=\"768\" height=\"1024\" src=\"https:\/\/sts-sky.hr\/wp-content\/uploads\/2022\/06\/20190404_120829-768x1024.jpg\" alt=\"\" class=\"wp-image-342 size-full\" srcset=\"https:\/\/sts-sky.hr\/wp-content\/uploads\/2022\/06\/20190404_120829-768x1024.jpg 768w, https:\/\/sts-sky.hr\/wp-content\/uploads\/2022\/06\/20190404_120829-225x300.jpg 225w, https:\/\/sts-sky.hr\/wp-content\/uploads\/2022\/06\/20190404_120829-1152x1536.jpg 1152w, https:\/\/sts-sky.hr\/wp-content\/uploads\/2022\/06\/20190404_120829-1536x2048.jpg 1536w, https:\/\/sts-sky.hr\/wp-content\/uploads\/2022\/06\/20190404_120829-scaled.jpg 1920w\" sizes=\"auto, (max-width: 768px) 100vw, 768px\" \/><\/figure><div class=\"wp-block-media-text__content\">\n<h5 class=\"wp-block-heading\">Tko smo?<\/h5>\n\n\n\n<h2 class=\"wp-block-heading\">Profesionalni tim za sve vrste radova na visini uz puno iskustva u raznim djelatnostima!<\/h2>\n\n\n\n<p>STS Sky zapo\u010deo je s radom 2018. godine nakon puno ste\u010denog iskustva radova na visini u vatrogastvu i volontiranjem u Hrvatskoj gorskoj slu\u017ebi spa\u0161avanja!<\/p>\n<\/div><\/div>\n\n\n\n<div style=\"height:68px\" aria-hidden=\"true\" class=\"wp-block-spacer\"><\/div>\n\n\n\n<div class=\"wp-block-columns alignwide is-layout-flex wp-container-core-columns-is-layout-28f84493 wp-block-columns-is-layout-flex\">\n<div class=\"wp-block-column is-layout-flow wp-block-column-is-layout-flow\">\n<hr class=\"wp-block-separator has-alpha-channel-opacity\"\/>\n<\/div>\n<\/div>\n<\/div><\/div>\n\n\n\n<p class=\"has-text-align-center has-vivid-red-color has-text-color has-link-color has-medium-font-size wp-elements-462a676af6531f3a5861fdd151c1cf83\"><strong>NOVO! NOVO! NOVO!<\/strong><\/p>\n\n\n\n<div class=\"wp-block-group is-vertical is-content-justification-center is-layout-flex wp-container-core-group-is-layout-ce155fab wp-block-group-is-layout-flex\">\n<p><strong>Osposobljavanje za rad na visini &#8211; STS Sky i HEP NOC<\/strong><\/p>\n\n\n\n<hr class=\"wp-block-separator has-alpha-channel-opacity\"\/>\n\n\n\n<p><strong>Pove\u0107ajte svoju sigurnost na radu uz vrhunsku obuku!<\/strong><\/p>\n\n\n\n<p>U suradnji s HEP NOC-om, STS Sky, specijalizirani obrt za industrijski alpinizam, s ponosom nudi obuku za sigurne radove na visini. Na\u0161 program je namijenjen svim radnicima koji \u017eele unaprijediti svoje vje\u0161tine i pove\u0107ati sigurnost prilikom rada na visini.<\/p>\n\n\n\n<p><strong>\u0160to mo\u017eete o\u010dekivati od na\u0161e obuke?<\/strong><\/p>\n\n\n\n<ul class=\"wp-block-list\">\n<li><strong>Prakti\u010dno iskustvo:<\/strong> Koristimo stvarne scenarije i simulacije da bi Va\u0161e u\u010denje bilo \u0161to efektivnije.<\/li>\n\n\n\n<li><strong>Stru\u010dno vodstvo:<\/strong> Na\u0161i iskusni instruktori, certificirani za spa\u0161avanje iz dubina i visina, pru\u017eit \u0107e Vam sve potrebne informacije i vje\u0161tine.<\/li>\n\n\n\n<li><strong>Fleksibilnost:<\/strong> Obuke organiziramo prema Va\u0161em rasporedu, omogu\u0107avaju\u0107i Vam da se obu\u010davate bez prekidanja Va\u0161ih redovnih radnih obveza.<\/li>\n\n\n\n<li><strong>Certifikacija:<\/strong> Nakon zavr\u0161etka te\u010daja, svaki polaznik dobiva certifikat koji potvr\u0111uje njegove nove vje\u0161tine i osposobljenost.<\/li>\n<\/ul>\n\n\n\n<p><strong>Za koga je ova obuka?<\/strong> Bilo da tek zapo\u010dinjete s radom na visinama ili ste iskusan radnik koji \u017eeli obnoviti i pro\u0161iriti svoje znanje, na\u0161 te\u010daj je idealan za vas.<\/p>\n\n\n\n<p><strong>Prijavite se odmah!<\/strong> Broj mjesta je ograni\u010den kako bismo osigurali kvalitetu i individualni pristup svakom polazniku. Ne propustite priliku da postanete majstor sigurnog rada na visini!<\/p>\n\n\n\n<p>Za vi\u0161e informacija o te\u010daju i kako se mo\u017eete prijaviti kontaktirajte nas putem e-maila ili telefona. \u010cekamo Vas da zajedno podignemo Va\u0161e vje\u0161tine na novu razinu!<\/p>\n\n\n\n<hr class=\"wp-block-separator has-alpha-channel-opacity\"\/>\n\n\n\n<p><strong>STS Sky &#8211; Gdje sigurnost i profesionalnost idu ruku pod ruku!<\/strong><\/p>\n<\/div>\n\n\n\n<p><\/p>\n\n\n\n<h2 class=\"wp-block-heading has-text-align-center\">\u0160to jo\u0161 mo\u017eemo u\u010diniti za Vas?<\/h2>\n\n\n\n<p><\/p>\n\n\n\n<div class=\"wp-block-columns is-layout-flex wp-container-core-columns-is-layout-28f84493 wp-block-columns-is-layout-flex\">\n<div class=\"wp-block-column is-layout-flow wp-block-column-is-layout-flow\">\n<figure class=\"wp-block-image size-large\"><img loading=\"lazy\" decoding=\"async\" width=\"731\" height=\"1024\" src=\"https:\/\/sts-sky.hr\/wp-content\/uploads\/2022\/07\/silos-731x1024.jpg\" alt=\"\" class=\"wp-image-390\" srcset=\"https:\/\/sts-sky.hr\/wp-content\/uploads\/2022\/07\/silos-731x1024.jpg 731w, https:\/\/sts-sky.hr\/wp-content\/uploads\/2022\/07\/silos-214x300.jpg 214w, https:\/\/sts-sky.hr\/wp-content\/uploads\/2022\/07\/silos-768x1075.jpg 768w, https:\/\/sts-sky.hr\/wp-content\/uploads\/2022\/07\/silos-1097x1536.jpg 1097w, https:\/\/sts-sky.hr\/wp-content\/uploads\/2022\/07\/silos-1463x2048.jpg 1463w, https:\/\/sts-sky.hr\/wp-content\/uploads\/2022\/07\/silos-scaled.jpg 1828w\" sizes=\"auto, (max-width: 731px) 100vw, 731px\" \/><\/figure>\n\n\n\n<p class=\"has-text-align-center has-medium-font-size\">\u010ci\u0161\u0107enje \u0107elija silosa<\/p>\n\n\n\n<p><\/p>\n<\/div>\n\n\n\n<div class=\"wp-block-column is-layout-flow wp-block-column-is-layout-flow\">\n<figure class=\"wp-block-image size-large\"><img loading=\"lazy\" decoding=\"async\" width=\"732\" height=\"1024\" src=\"https:\/\/sts-sky.hr\/wp-content\/uploads\/2022\/07\/bravarski_radovi-1-732x1024.jpg\" alt=\"\" class=\"wp-image-393\" srcset=\"https:\/\/sts-sky.hr\/wp-content\/uploads\/2022\/07\/bravarski_radovi-1-732x1024.jpg 732w, https:\/\/sts-sky.hr\/wp-content\/uploads\/2022\/07\/bravarski_radovi-1-214x300.jpg 214w, https:\/\/sts-sky.hr\/wp-content\/uploads\/2022\/07\/bravarski_radovi-1-768x1075.jpg 768w, https:\/\/sts-sky.hr\/wp-content\/uploads\/2022\/07\/bravarski_radovi-1-1097x1536.jpg 1097w, https:\/\/sts-sky.hr\/wp-content\/uploads\/2022\/07\/bravarski_radovi-1.jpg 1143w\" sizes=\"auto, (max-width: 732px) 100vw, 732px\" \/><\/figure>\n\n\n\n<p class=\"has-text-align-center has-medium-font-size\">Bravarski radovi na visini<\/p>\n<\/div>\n\n\n\n<div class=\"wp-block-column is-layout-flow wp-block-column-is-layout-flow\">\n<figure class=\"wp-block-image size-large\"><img loading=\"lazy\" decoding=\"async\" width=\"731\" height=\"1024\" src=\"https:\/\/sts-sky.hr\/wp-content\/uploads\/2022\/07\/limarski_radovi-731x1024.jpg\" alt=\"\" class=\"wp-image-398\" srcset=\"https:\/\/sts-sky.hr\/wp-content\/uploads\/2022\/07\/limarski_radovi-731x1024.jpg 731w, https:\/\/sts-sky.hr\/wp-content\/uploads\/2022\/07\/limarski_radovi-214x300.jpg 214w, https:\/\/sts-sky.hr\/wp-content\/uploads\/2022\/07\/limarski_radovi-768x1075.jpg 768w, https:\/\/sts-sky.hr\/wp-content\/uploads\/2022\/07\/limarski_radovi-1097x1536.jpg 1097w, https:\/\/sts-sky.hr\/wp-content\/uploads\/2022\/07\/limarski_radovi-1463x2048.jpg 1463w, https:\/\/sts-sky.hr\/wp-content\/uploads\/2022\/07\/limarski_radovi-scaled.jpg 1829w\" sizes=\"auto, (max-width: 731px) 100vw, 731px\" \/><\/figure>\n\n\n\n<p class=\"has-text-align-center has-medium-font-size\">Limarski radovi na visini<\/p>\n<\/div>\n<\/div>\n\n\n\n<div class=\"wp-block-columns is-layout-flex wp-container-core-columns-is-layout-28f84493 wp-block-columns-is-layout-flex\">\n<div class=\"wp-block-column is-layout-flow wp-block-column-is-layout-flow\">\n<figure class=\"wp-block-image size-large\"><img loading=\"lazy\" decoding=\"async\" width=\"731\" height=\"1024\" src=\"https:\/\/sts-sky.hr\/wp-content\/uploads\/2022\/07\/hidroglobus_limarija-731x1024.png\" alt=\"\" class=\"wp-image-372\" srcset=\"https:\/\/sts-sky.hr\/wp-content\/uploads\/2022\/07\/hidroglobus_limarija-731x1024.png 731w, https:\/\/sts-sky.hr\/wp-content\/uploads\/2022\/07\/hidroglobus_limarija-214x300.png 214w, https:\/\/sts-sky.hr\/wp-content\/uploads\/2022\/07\/hidroglobus_limarija-768x1075.png 768w, https:\/\/sts-sky.hr\/wp-content\/uploads\/2022\/07\/hidroglobus_limarija-1097x1536.png 1097w, https:\/\/sts-sky.hr\/wp-content\/uploads\/2022\/07\/hidroglobus_limarija-1463x2048.png 1463w, https:\/\/sts-sky.hr\/wp-content\/uploads\/2022\/07\/hidroglobus_limarija.png 1543w\" sizes=\"auto, (max-width: 731px) 100vw, 731px\" \/><\/figure>\n\n\n\n<p class=\"has-text-align-center has-medium-font-size\">Popravci hidroglobusa<\/p>\n\n\n\n<p><\/p>\n<\/div>\n\n\n\n<div class=\"wp-block-column is-layout-flow wp-block-column-is-layout-flow\">\n<figure class=\"wp-block-image size-large\"><img loading=\"lazy\" decoding=\"async\" width=\"731\" height=\"1024\" src=\"https:\/\/sts-sky.hr\/wp-content\/uploads\/2022\/07\/Ciscenje_hidroglobusa_1-731x1024.jpg\" alt=\"\" class=\"wp-image-401\" srcset=\"https:\/\/sts-sky.hr\/wp-content\/uploads\/2022\/07\/Ciscenje_hidroglobusa_1-731x1024.jpg 731w, https:\/\/sts-sky.hr\/wp-content\/uploads\/2022\/07\/Ciscenje_hidroglobusa_1-214x300.jpg 214w, https:\/\/sts-sky.hr\/wp-content\/uploads\/2022\/07\/Ciscenje_hidroglobusa_1-768x1075.jpg 768w, https:\/\/sts-sky.hr\/wp-content\/uploads\/2022\/07\/Ciscenje_hidroglobusa_1-1097x1536.jpg 1097w, https:\/\/sts-sky.hr\/wp-content\/uploads\/2022\/07\/Ciscenje_hidroglobusa_1-1463x2048.jpg 1463w, https:\/\/sts-sky.hr\/wp-content\/uploads\/2022\/07\/Ciscenje_hidroglobusa_1-scaled.jpg 1829w\" sizes=\"auto, (max-width: 731px) 100vw, 731px\" \/><\/figure>\n\n\n\n<p class=\"has-text-align-center has-medium-font-size\">\u010ci\u0161\u0107enje hidroglobusa<\/p>\n<\/div>\n\n\n\n<div class=\"wp-block-column is-layout-flow wp-block-column-is-layout-flow\">\n<figure class=\"wp-block-image size-large\"><img loading=\"lazy\" decoding=\"async\" width=\"731\" height=\"1024\" src=\"https:\/\/sts-sky.hr\/wp-content\/uploads\/2022\/07\/Rusenje_drveca_1-731x1024.jpg\" alt=\"\" class=\"wp-image-385\" srcset=\"https:\/\/sts-sky.hr\/wp-content\/uploads\/2022\/07\/Rusenje_drveca_1-731x1024.jpg 731w, https:\/\/sts-sky.hr\/wp-content\/uploads\/2022\/07\/Rusenje_drveca_1-214x300.jpg 214w, https:\/\/sts-sky.hr\/wp-content\/uploads\/2022\/07\/Rusenje_drveca_1-768x1075.jpg 768w, https:\/\/sts-sky.hr\/wp-content\/uploads\/2022\/07\/Rusenje_drveca_1-1097x1536.jpg 1097w, https:\/\/sts-sky.hr\/wp-content\/uploads\/2022\/07\/Rusenje_drveca_1-1463x2048.jpg 1463w, https:\/\/sts-sky.hr\/wp-content\/uploads\/2022\/07\/Rusenje_drveca_1-scaled.jpg 1828w\" sizes=\"auto, (max-width: 731px) 100vw, 731px\" \/><\/figure>\n\n\n\n<p class=\"has-text-align-center has-medium-font-size\">Ru\u0161enje drve\u0107a granu po granu<\/p>\n<\/div>\n<\/div>\n\n\n\n<div class=\"wp-block-columns is-layout-flex wp-container-core-columns-is-layout-28f84493 wp-block-columns-is-layout-flex\">\n<div class=\"wp-block-column is-layout-flow wp-block-column-is-layout-flow\">\n<figure class=\"wp-block-image size-large\"><img loading=\"lazy\" decoding=\"async\" width=\"732\" height=\"1024\" src=\"https:\/\/sts-sky.hr\/wp-content\/uploads\/2022\/07\/snimanje_iz_zraka-732x1024.jpg\" alt=\"\" class=\"wp-image-407\" srcset=\"https:\/\/sts-sky.hr\/wp-content\/uploads\/2022\/07\/snimanje_iz_zraka-732x1024.jpg 732w, https:\/\/sts-sky.hr\/wp-content\/uploads\/2022\/07\/snimanje_iz_zraka-214x300.jpg 214w, https:\/\/sts-sky.hr\/wp-content\/uploads\/2022\/07\/snimanje_iz_zraka-768x1075.jpg 768w, https:\/\/sts-sky.hr\/wp-content\/uploads\/2022\/07\/snimanje_iz_zraka-1097x1536.jpg 1097w, https:\/\/sts-sky.hr\/wp-content\/uploads\/2022\/07\/snimanje_iz_zraka-1463x2048.jpg 1463w, https:\/\/sts-sky.hr\/wp-content\/uploads\/2022\/07\/snimanje_iz_zraka-scaled.jpg 1829w\" sizes=\"auto, (max-width: 732px) 100vw, 732px\" \/><\/figure>\n\n\n\n<p class=\"has-text-align-center has-medium-font-size\">Snimanje iz zraka<\/p>\n<\/div>\n\n\n\n<div class=\"wp-block-column is-layout-flow wp-block-column-is-layout-flow\">\n<figure class=\"wp-block-image size-large\"><img loading=\"lazy\" decoding=\"async\" width=\"731\" height=\"1024\" src=\"https:\/\/sts-sky.hr\/wp-content\/uploads\/2022\/07\/ortofoto-1-731x1024.jpg\" alt=\"\" class=\"wp-image-405\" srcset=\"https:\/\/sts-sky.hr\/wp-content\/uploads\/2022\/07\/ortofoto-1-731x1024.jpg 731w, https:\/\/sts-sky.hr\/wp-content\/uploads\/2022\/07\/ortofoto-1-214x300.jpg 214w, https:\/\/sts-sky.hr\/wp-content\/uploads\/2022\/07\/ortofoto-1-768x1075.jpg 768w, https:\/\/sts-sky.hr\/wp-content\/uploads\/2022\/07\/ortofoto-1-1097x1536.jpg 1097w, https:\/\/sts-sky.hr\/wp-content\/uploads\/2022\/07\/ortofoto-1-1463x2048.jpg 1463w, https:\/\/sts-sky.hr\/wp-content\/uploads\/2022\/07\/ortofoto-1-scaled.jpg 1829w\" sizes=\"auto, (max-width: 731px) 100vw, 731px\" \/><\/figure>\n\n\n\n<p class=\"has-text-align-center has-medium-font-size\">Izrada ortofoto snimaka<\/p>\n<\/div>\n\n\n\n<div class=\"wp-block-column is-layout-flow wp-block-column-is-layout-flow\">\n<figure class=\"wp-block-image size-large\"><img loading=\"lazy\" decoding=\"async\" width=\"1024\" height=\"796\" src=\"https:\/\/sts-sky.hr\/wp-content\/uploads\/2024\/01\/Crkva_3D_model-1024x796.jpg\" alt=\"\" class=\"wp-image-475\" srcset=\"https:\/\/sts-sky.hr\/wp-content\/uploads\/2024\/01\/Crkva_3D_model-1024x796.jpg 1024w, https:\/\/sts-sky.hr\/wp-content\/uploads\/2024\/01\/Crkva_3D_model-300x233.jpg 300w, https:\/\/sts-sky.hr\/wp-content\/uploads\/2024\/01\/Crkva_3D_model-768x597.jpg 768w, https:\/\/sts-sky.hr\/wp-content\/uploads\/2024\/01\/Crkva_3D_model-1536x1194.jpg 1536w, https:\/\/sts-sky.hr\/wp-content\/uploads\/2024\/01\/Crkva_3D_model-2048x1592.jpg 2048w\" sizes=\"auto, (max-width: 1024px) 100vw, 1024px\" \/><\/figure>\n\n\n\n<p class=\"has-text-align-center has-medium-font-size\">Snimanje i izrada 3D modela objekata<\/p>\n<\/div>\n<\/div>\n\n\n\n<div class=\"inherit-container-width wp-block-group alignfull has-ast-global-color-5-background-color has-background is-layout-constrained wp-block-group-is-layout-constrained\"><div class=\"wp-block-group__inner-container\">\n<h2 class=\"wp-block-heading has-text-align-center\">Reference<\/h2>\n\n\n\n<div class=\"wp-block-columns alignwide is-layout-flex wp-container-core-columns-is-layout-28f84493 wp-block-columns-is-layout-flex\">\n<div class=\"wp-block-column is-layout-flow wp-block-column-is-layout-flow\">\n<p class=\"has-text-align-center\">Belje Plus d.o.o.<\/p>\n\n\n\n<p class=\"has-text-align-center\">\u017ditar d.o.o.<\/p>\n\n\n\n<p class=\"has-text-align-center\">Na\u0161i\u010dki park d.o.o.<\/p>\n\n\n\n<p><\/p>\n\n\n\n<p><\/p>\n<\/div>\n\n\n\n<div class=\"wp-block-column is-layout-flow wp-block-column-is-layout-flow\">\n<p class=\"has-text-align-center\">Vupik Plus d.o.o.<\/p>\n\n\n\n<p class=\"has-text-align-center\">HALE-MONT Promet d.o.o.<\/p>\n\n\n\n<p class=\"has-text-align-center\">HEP Nastavno obrazovni centar<\/p>\n<\/div>\n\n\n\n<div class=\"wp-block-column is-layout-flow wp-block-column-is-layout-flow\">\n<p class=\"has-text-align-center\">\u017dito d.o.o.<\/p>\n\n\n\n<p class=\"has-text-align-center\">Pivovara Daruvar d.o.o.<\/p>\n\n\n\n<p class=\"has-text-align-center\">Saponia d.d.<\/p>\n<\/div>\n<\/div>\n<\/div><\/div>\n\n\n\n<div class=\"inherit-container-width wp-block-group alignfull has-ast-global-color-5-background-color has-background is-layout-constrained wp-block-group-is-layout-constrained\"><div class=\"wp-block-group__inner-container\">\n<h2 class=\"wp-block-heading has-text-align-center\"><\/h2>\n<\/div><\/div>\n\n\n\n<div class=\"wp-block-cover alignfull\" style=\"min-height:200px;aspect-ratio:unset;\"><span aria-hidden=\"true\" class=\"wp-block-cover__background has-ast-global-color-0-background-color has-background-dim-100 has-background-dim\"><\/span><div class=\"wp-block-cover__inner-container is-layout-flow wp-block-cover-is-layout-flow\">\n<div class=\"wp-block-media-text is-stacked-on-mobile is-vertically-aligned-center\"><figure class=\"wp-block-media-text__media\"><img loading=\"lazy\" decoding=\"async\" width=\"1024\" height=\"576\" src=\"https:\/\/sts-sky.hr\/wp-content\/uploads\/2022\/06\/IMG-2537440623183728b792ed06cf261b9d-V-1024x576.jpg\" alt=\"\" class=\"wp-image-336 size-full\" srcset=\"https:\/\/sts-sky.hr\/wp-content\/uploads\/2022\/06\/IMG-2537440623183728b792ed06cf261b9d-V-1024x576.jpg 1024w, https:\/\/sts-sky.hr\/wp-content\/uploads\/2022\/06\/IMG-2537440623183728b792ed06cf261b9d-V-300x169.jpg 300w, https:\/\/sts-sky.hr\/wp-content\/uploads\/2022\/06\/IMG-2537440623183728b792ed06cf261b9d-V-768x432.jpg 768w, https:\/\/sts-sky.hr\/wp-content\/uploads\/2022\/06\/IMG-2537440623183728b792ed06cf261b9d-V-1536x864.jpg 1536w, https:\/\/sts-sky.hr\/wp-content\/uploads\/2022\/06\/IMG-2537440623183728b792ed06cf261b9d-V-2048x1152.jpg 2048w\" sizes=\"auto, (max-width: 1024px) 100vw, 1024px\" \/><\/figure><div class=\"wp-block-media-text__content\">\n<div class=\"inherit-container-width wp-block-group is-layout-constrained wp-block-group-is-layout-constrained\"><div class=\"wp-block-group__inner-container\">\n<p class=\"has-text-align-center has-ast-global-color-5-color has-text-color\" style=\"font-size:26px\"><strong>Ovdje smo za Vas da pomognemo rije\u0161iti sve Va\u0161e probleme na visini<\/strong><\/p>\n\n\n\n<p class=\"has-text-align-center has-ast-global-color-5-color has-text-color\" style=\"font-size:26px\"><strong><br>Nazovite nas jo\u0161 danas<\/strong><\/p>\n\n\n\n<div class=\"wp-block-buttons is-horizontal is-content-justification-center is-layout-flex wp-container-core-buttons-is-layout-03627597 wp-block-buttons-is-layout-flex\">\n<div class=\"wp-block-button\"><a class=\"wp-block-button__link has-ast-global-color-0-color has-ast-global-color-4-background-color has-text-color has-background wp-element-button\" href=\"https:\/\/sts-sky.hr\/?page_id=13(opens in a new tab)\" target=\"_blank\" rel=\"noreferrer noopener\">Kontakt<\/a><\/div>\n<\/div>\n<\/div><\/div>\n<\/div><\/div>\n<\/div><\/div>\n","protected":false},"excerpt":{"rendered":"<p>Tko smo? Profesionalni tim za sve vrste radova na visini uz puno iskustva u raznim djelatnostima! STS Sky zapo\u010deo je s radom 2018. godine nakon puno ste\u010denog iskustva radova na visini u vatrogastvu i volontiranjem u Hrvatskoj gorskoj slu\u017ebi spa\u0161avanja! NOVO! NOVO! NOVO! Osposobljavanje za rad na visini &#8211; STS Sky i HEP NOC Pove\u0107ajte [&hellip;]<\/p>\n","protected":false},"author":1,"featured_media":0,"parent":0,"menu_order":0,"comment_status":"closed","ping_status":"closed","template":"","meta":{"_monsterinsights_skip_tracking":false,"_monsterinsights_sitenote_active":false,"_monsterinsights_sitenote_note":"","_monsterinsights_sitenote_category":0,"_uf_show_specific_survey":0,"_uf_disable_surveys":false,"site-sidebar-layout":"no-sidebar","site-content-layout":"plain-container","ast-site-content-layout":"normal-width-container","site-content-style":"unboxed","site-sidebar-style":"unboxed","ast-global-header-display":"","ast-banner-title-visibility":"","ast-main-header-display":"","ast-hfb-above-header-display":"","ast-hfb-below-header-display":"","ast-hfb-mobile-header-display":"","site-post-title":"disabled","ast-breadcrumbs-content":"","ast-featured-img":"","footer-sml-layout":"","ast-disable-related-posts":"","theme-transparent-header-meta":"enabled","adv-header-id-meta":"","stick-header-meta":"","header-above-stick-meta":"","header-main-stick-meta":"","header-below-stick-meta":"","astra-migrate-meta-layouts":"set","ast-page-background-enabled":"default","ast-page-background-meta":{"desktop":{"background-color":"var(--ast-global-color-4)","background-image":"","background-repeat":"repeat","background-position":"center center","background-size":"auto","background-attachment":"scroll","background-type":"","background-media":"","overlay-type":"","overlay-color":"","overlay-opacity":"","overlay-gradient":""},"tablet":{"background-color":"","background-image":"","background-repeat":"repeat","background-position":"center center","background-size":"auto","background-attachment":"scroll","background-type":"","background-media":"","overlay-type":"","overlay-color":"","overlay-opacity":"","overlay-gradient":""},"mobile":{"background-color":"","background-image":"","background-repeat":"repeat","background-position":"center center","background-size":"auto","background-attachment":"scroll","background-type":"","background-media":"","overlay-type":"","overlay-color":"","overlay-opacity":"","overlay-gradient":""}},"ast-content-background-meta":{"desktop":{"background-color":"var(--ast-global-color-5)","background-image":"","background-repeat":"repeat","background-position":"center center","background-size":"auto","background-attachment":"scroll","background-type":"","background-media":"","overlay-type":"","overlay-color":"","overlay-opacity":"","overlay-gradient":""},"tablet":{"background-color":"var(--ast-global-color-5)","background-image":"","background-repeat":"repeat","background-position":"center center","background-size":"auto","background-attachment":"scroll","background-type":"","background-media":"","overlay-type":"","overlay-color":"","overlay-opacity":"","overlay-gradient":""},"mobile":{"background-color":"var(--ast-global-color-5)","background-image":"","background-repeat":"repeat","background-position":"center center","background-size":"auto","background-attachment":"scroll","background-type":"","background-media":"","overlay-type":"","overlay-color":"","overlay-opacity":"","overlay-gradient":""}},"footnotes":""},"class_list":["post-10","page","type-page","status-publish","hentry"],"aioseo_notices":[],"_links":{"self":[{"href":"https:\/\/sts-sky.hr\/index.php?rest_route=\/wp\/v2\/pages\/10","targetHints":{"allow":["GET"]}}],"collection":[{"href":"https:\/\/sts-sky.hr\/index.php?rest_route=\/wp\/v2\/pages"}],"about":[{"href":"https:\/\/sts-sky.hr\/index.php?rest_route=\/wp\/v2\/types\/page"}],"author":[{"embeddable":true,"href":"https:\/\/sts-sky.hr\/index.php?rest_route=\/wp\/v2\/users\/1"}],"replies":[{"embeddable":true,"href":"https:\/\/sts-sky.hr\/index.php?rest_route=%2Fwp%2Fv2%2Fcomments&post=10"}],"version-history":[{"count":49,"href":"https:\/\/sts-sky.hr\/index.php?rest_route=\/wp\/v2\/pages\/10\/revisions"}],"predecessor-version":[{"id":500,"href":"https:\/\/sts-sky.hr\/index.php?rest_route=\/wp\/v2\/pages\/10\/revisions\/500"}],"wp:attachment":[{"href":"https:\/\/sts-sky.hr\/index.php?rest_route=%2Fwp%2Fv2%2Fmedia&parent=10"}],"curies":[{"name":"wp","href":"https:\/\/api.w.org\/{rel}","templated":true}]}}